{"id":4886,"date":"2021-08-23T14:19:25","date_gmt":"2021-08-23T14:19:25","guid":{"rendered":"https:\/\/www.lmcmontecarlo.com\/?post_type=product&#038;p=4886"},"modified":"2023-11-01T17:58:29","modified_gmt":"2023-11-01T17:58:29","slug":"ginarte","status":"publish","type":"product","link":"https:\/\/www.lmcmontecarlo.com\/it\/prodotti\/distillati\/ginarte\/","title":{"rendered":"Ginarte"},"content":{"rendered":"","protected":false},"excerpt":{"rendered":"[playlist type=\"video\" ids=\"9930\"]\n<h5><span style=\"font-weight: normal;\">L\u2019arte \u00e8 strettamente connessa alla capacit\u00e0 di trasmettere emozioni e messaggi. A questo universo sconfinato, che ritroviamo nella natura cos\u00ec come nell\u2019animo umano, attingiamo per la creazione di Ginarte. Un viaggio nella bellezza. Una sintesi armonica. Espressione di forza e delicatezza. Ginarte \u00e8 un inno alla meraviglia che l\u2019arte sa generare. Per questo, fra i botanicals utilizzati, sono state selezionate alcune piante che con l\u2018arte hanno un legame particolare. Un\u2019anima artistica che risiede quindi nel cuore stesso di questo gin unico e speciale.<\/span><\/h5>\n<h3><strong>La nostra selezione del brand:<\/strong><\/h3>\n<ul>\n<li>Ginarte<\/li>\n<li>Ginarte al Melograno<\/li>\n<\/ul>\n","protected":false},"featured_media":4723,"template":"","meta":{"_acf_changed":false,"give_campaign_id":0,"inline_featured_image":false},"product_brand":[],"product_cat":[202],"product_tag":[],"class_list":{"0":"post-4886","1":"product","2":"type-product","3":"status-publish","4":"has-post-thumbnail","6":"product_cat-distillati","7":"description-off","9":"first","10":"instock","11":"taxable","12":"shipping-taxable","13":"purchasable","14":"product-type-simple"},"acf":[],"yoast_head":"<!-- This site is optimized with the Yoast SEO plugin v27.5 - https:\/\/yoast.com\/product\/yoast-seo-wordpress\/ -->\n<title>Ginarte - Luxury Mixology Consulting<\/title>\n<meta name=\"robots\" content=\"index, follow, max-snippet:-1, max-image-preview:large, max-video-preview:-1\" \/>\n<link rel=\"canonical\" href=\"https:\/\/www.lmcmontecarlo.com\/it\/prodotti\/distillati\/ginarte\/\" \/>\n<meta property=\"og:locale\" content=\"it_IT\" \/>\n<meta property=\"og:type\" content=\"article\" \/>\n<meta property=\"og:title\" content=\"Ginarte - Luxury Mixology Consulting\" \/>\n<meta property=\"og:description\" content=\"L\u2019arte \u00e8 strettamente connessa alla capacit\u00e0 di trasmettere emozioni e messaggi. A questo universo sconfinato, che ritroviamo nella natura cos\u00ec come nell\u2019animo umano, attingiamo per la creazione di Ginarte. Un viaggio nella bellezza. Una sintesi armonica. Espressione di forza e delicatezza. Ginarte \u00e8 un inno alla meraviglia che l\u2019arte sa generare. Per questo, fra i botanicals utilizzati, sono state selezionate alcune piante che con l\u2018arte hanno un legame particolare. Un\u2019anima artistica che risiede quindi nel cuore stesso di questo gin unico e speciale. La nostra selezione del brand:   Ginarte  Ginarte al Melograno\" \/>\n<meta property=\"og:url\" content=\"https:\/\/www.lmcmontecarlo.com\/it\/prodotti\/distillati\/ginarte\/\" \/>\n<meta property=\"og:site_name\" content=\"Luxury Mixology Consulting\" \/>\n<meta property=\"article:modified_time\" content=\"2023-11-01T17:58:29+00:00\" \/>\n<meta property=\"og:image\" content=\"https:\/\/www.lmcmontecarlo.com\/wp-content\/uploads\/2021\/08\/ginarte.jpg\" \/>\n\t<meta property=\"og:image:width\" content=\"300\" \/>\n\t<meta property=\"og:image:height\" content=\"300\" \/>\n\t<meta property=\"og:image:type\" content=\"image\/jpeg\" \/>\n<meta name=\"twitter:card\" content=\"summary_large_image\" \/>\n<script type=\"application\/ld+json\" class=\"yoast-schema-graph\">{\"@context\":\"https:\\\/\\\/schema.org\",\"@graph\":[{\"@type\":\"WebPage\",\"@id\":\"https:\\\/\\\/www.lmcmontecarlo.com\\\/it\\\/prodotti\\\/distillati\\\/ginarte\\\/\",\"url\":\"https:\\\/\\\/www.lmcmontecarlo.com\\\/it\\\/prodotti\\\/distillati\\\/ginarte\\\/\",\"name\":\"Ginarte - Luxury Mixology Consulting\",\"isPartOf\":{\"@id\":\"https:\\\/\\\/www.lmcmontecarlo.com\\\/it\\\/#website\"},\"primaryImageOfPage\":{\"@id\":\"https:\\\/\\\/www.lmcmontecarlo.com\\\/it\\\/prodotti\\\/distillati\\\/ginarte\\\/#primaryimage\"},\"image\":{\"@id\":\"https:\\\/\\\/www.lmcmontecarlo.com\\\/it\\\/prodotti\\\/distillati\\\/ginarte\\\/#primaryimage\"},\"thumbnailUrl\":\"https:\\\/\\\/www.lmcmontecarlo.com\\\/wp-content\\\/uploads\\\/2021\\\/08\\\/ginarte.jpg\",\"datePublished\":\"2021-08-23T14:19:25+00:00\",\"dateModified\":\"2023-11-01T17:58:29+00:00\",\"breadcrumb\":{\"@id\":\"https:\\\/\\\/www.lmcmontecarlo.com\\\/it\\\/prodotti\\\/distillati\\\/ginarte\\\/#breadcrumb\"},\"inLanguage\":\"it-IT\",\"potentialAction\":[{\"@type\":\"ReadAction\",\"target\":[\"https:\\\/\\\/www.lmcmontecarlo.com\\\/it\\\/prodotti\\\/distillati\\\/ginarte\\\/\"]}]},{\"@type\":\"ImageObject\",\"inLanguage\":\"it-IT\",\"@id\":\"https:\\\/\\\/www.lmcmontecarlo.com\\\/it\\\/prodotti\\\/distillati\\\/ginarte\\\/#primaryimage\",\"url\":\"https:\\\/\\\/www.lmcmontecarlo.com\\\/wp-content\\\/uploads\\\/2021\\\/08\\\/ginarte.jpg\",\"contentUrl\":\"https:\\\/\\\/www.lmcmontecarlo.com\\\/wp-content\\\/uploads\\\/2021\\\/08\\\/ginarte.jpg\",\"width\":300,\"height\":300},{\"@type\":\"BreadcrumbList\",\"@id\":\"https:\\\/\\\/www.lmcmontecarlo.com\\\/it\\\/prodotti\\\/distillati\\\/ginarte\\\/#breadcrumb\",\"itemListElement\":[{\"@type\":\"ListItem\",\"position\":1,\"name\":\"Home\",\"item\":\"https:\\\/\\\/www.lmcmontecarlo.com\\\/it\\\/\"},{\"@type\":\"ListItem\",\"position\":2,\"name\":\"Prodotti\",\"item\":\"https:\\\/\\\/www.lmcmontecarlo.com\\\/it\\\/prodotti\\\/\"},{\"@type\":\"ListItem\",\"position\":3,\"name\":\"Ginarte\"}]},{\"@type\":\"WebSite\",\"@id\":\"https:\\\/\\\/www.lmcmontecarlo.com\\\/it\\\/#website\",\"url\":\"https:\\\/\\\/www.lmcmontecarlo.com\\\/it\\\/\",\"name\":\"Luxury Mixology Consulting\",\"description\":\"\",\"potentialAction\":[{\"@type\":\"SearchAction\",\"target\":{\"@type\":\"EntryPoint\",\"urlTemplate\":\"https:\\\/\\\/www.lmcmontecarlo.com\\\/it\\\/?s={search_term_string}\"},\"query-input\":{\"@type\":\"PropertyValueSpecification\",\"valueRequired\":true,\"valueName\":\"search_term_string\"}}],\"inLanguage\":\"it-IT\"}]}<\/script>\n<!-- \/ Yoast SEO plugin. -->","yoast_head_json":{"title":"Ginarte - Luxury Mixology Consulting","robots":{"index":"index","follow":"follow","max-snippet":"max-snippet:-1","max-image-preview":"max-image-preview:large","max-video-preview":"max-video-preview:-1"},"canonical":"https:\/\/www.lmcmontecarlo.com\/it\/prodotti\/distillati\/ginarte\/","og_locale":"it_IT","og_type":"article","og_title":"Ginarte - Luxury Mixology Consulting","og_description":"L\u2019arte \u00e8 strettamente connessa alla capacit\u00e0 di trasmettere emozioni e messaggi. A questo universo sconfinato, che ritroviamo nella natura cos\u00ec come nell\u2019animo umano, attingiamo per la creazione di Ginarte. Un viaggio nella bellezza. Una sintesi armonica. Espressione di forza e delicatezza. Ginarte \u00e8 un inno alla meraviglia che l\u2019arte sa generare. Per questo, fra i botanicals utilizzati, sono state selezionate alcune piante che con l\u2018arte hanno un legame particolare. Un\u2019anima artistica che risiede quindi nel cuore stesso di questo gin unico e speciale. La nostra selezione del brand:   Ginarte  Ginarte al Melograno","og_url":"https:\/\/www.lmcmontecarlo.com\/it\/prodotti\/distillati\/ginarte\/","og_site_name":"Luxury Mixology Consulting","article_modified_time":"2023-11-01T17:58:29+00:00","og_image":[{"width":300,"height":300,"url":"https:\/\/www.lmcmontecarlo.com\/wp-content\/uploads\/2021\/08\/ginarte.jpg","type":"image\/jpeg"}],"twitter_card":"summary_large_image","schema":{"@context":"https:\/\/schema.org","@graph":[{"@type":"WebPage","@id":"https:\/\/www.lmcmontecarlo.com\/it\/prodotti\/distillati\/ginarte\/","url":"https:\/\/www.lmcmontecarlo.com\/it\/prodotti\/distillati\/ginarte\/","name":"Ginarte - Luxury Mixology Consulting","isPartOf":{"@id":"https:\/\/www.lmcmontecarlo.com\/it\/#website"},"primaryImageOfPage":{"@id":"https:\/\/www.lmcmontecarlo.com\/it\/prodotti\/distillati\/ginarte\/#primaryimage"},"image":{"@id":"https:\/\/www.lmcmontecarlo.com\/it\/prodotti\/distillati\/ginarte\/#primaryimage"},"thumbnailUrl":"https:\/\/www.lmcmontecarlo.com\/wp-content\/uploads\/2021\/08\/ginarte.jpg","datePublished":"2021-08-23T14:19:25+00:00","dateModified":"2023-11-01T17:58:29+00:00","breadcrumb":{"@id":"https:\/\/www.lmcmontecarlo.com\/it\/prodotti\/distillati\/ginarte\/#breadcrumb"},"inLanguage":"it-IT","potentialAction":[{"@type":"ReadAction","target":["https:\/\/www.lmcmontecarlo.com\/it\/prodotti\/distillati\/ginarte\/"]}]},{"@type":"ImageObject","inLanguage":"it-IT","@id":"https:\/\/www.lmcmontecarlo.com\/it\/prodotti\/distillati\/ginarte\/#primaryimage","url":"https:\/\/www.lmcmontecarlo.com\/wp-content\/uploads\/2021\/08\/ginarte.jpg","contentUrl":"https:\/\/www.lmcmontecarlo.com\/wp-content\/uploads\/2021\/08\/ginarte.jpg","width":300,"height":300},{"@type":"BreadcrumbList","@id":"https:\/\/www.lmcmontecarlo.com\/it\/prodotti\/distillati\/ginarte\/#breadcrumb","itemListElement":[{"@type":"ListItem","position":1,"name":"Home","item":"https:\/\/www.lmcmontecarlo.com\/it\/"},{"@type":"ListItem","position":2,"name":"Prodotti","item":"https:\/\/www.lmcmontecarlo.com\/it\/prodotti\/"},{"@type":"ListItem","position":3,"name":"Ginarte"}]},{"@type":"WebSite","@id":"https:\/\/www.lmcmontecarlo.com\/it\/#website","url":"https:\/\/www.lmcmontecarlo.com\/it\/","name":"Luxury Mixology Consulting","description":"","potentialAction":[{"@type":"SearchAction","target":{"@type":"EntryPoint","urlTemplate":"https:\/\/www.lmcmontecarlo.com\/it\/?s={search_term_string}"},"query-input":{"@type":"PropertyValueSpecification","valueRequired":true,"valueName":"search_term_string"}}],"inLanguage":"it-IT"}]}},"_links":{"self":[{"href":"https:\/\/www.lmcmontecarlo.com\/it\/wp-json\/wp\/v2\/product\/4886","targetHints":{"allow":["GET"]}}],"collection":[{"href":"https:\/\/www.lmcmontecarlo.com\/it\/wp-json\/wp\/v2\/product"}],"about":[{"href":"https:\/\/www.lmcmontecarlo.com\/it\/wp-json\/wp\/v2\/types\/product"}],"version-history":[{"count":8,"href":"https:\/\/www.lmcmontecarlo.com\/it\/wp-json\/wp\/v2\/product\/4886\/revisions"}],"predecessor-version":[{"id":9947,"href":"https:\/\/www.lmcmontecarlo.com\/it\/wp-json\/wp\/v2\/product\/4886\/revisions\/9947"}],"wp:featuredmedia":[{"embeddable":true,"href":"https:\/\/www.lmcmontecarlo.com\/it\/wp-json\/wp\/v2\/media\/4723"}],"wp:attachment":[{"href":"https:\/\/www.lmcmontecarlo.com\/it\/wp-json\/wp\/v2\/media?parent=4886"}],"wp:term":[{"taxonomy":"product_brand","embeddable":true,"href":"https:\/\/www.lmcmontecarlo.com\/it\/wp-json\/wp\/v2\/product_brand?post=4886"},{"taxonomy":"product_cat","embeddable":true,"href":"https:\/\/www.lmcmontecarlo.com\/it\/wp-json\/wp\/v2\/product_cat?post=4886"},{"taxonomy":"product_tag","embeddable":true,"href":"https:\/\/www.lmcmontecarlo.com\/it\/wp-json\/wp\/v2\/product_tag?post=4886"}],"curies":[{"name":"wp","href":"https:\/\/api.w.org\/{rel}","templated":true}]}}