{"id":9603,"date":"2023-02-21T19:12:09","date_gmt":"2023-02-21T19:12:09","guid":{"rendered":"https:\/\/www.lmcmontecarlo.com\/prodotti\/uncategorized\/ferghettina-2\/"},"modified":"2023-05-01T09:18:43","modified_gmt":"2023-05-01T09:18:43","slug":"ferghettina-2","status":"publish","type":"product","link":"https:\/\/www.lmcmontecarlo.com\/en\/products\/sparkling-wines\/ferghettina-2\/","title":{"rendered":"Ferghettina"},"content":{"rendered":"","protected":false},"excerpt":{"rendered":"<p><strong>Franciacorta Saten Brut Docg<\/strong><br \/>\nCARACT\u00c9RISTIQUES GO\u00dbTER<br \/>\nCouleur jaune vif.<br \/>\nPerlage fin et persistant.<br \/>\nAr\u00f4me tr\u00e8s \u00e9l\u00e9gant et<br \/>\ncr\u00e9meux aux notes de<br \/>\np\u00e2tisserie et confiserie.<\/p>\n<p><strong>Franciacorta Milled\u00ec Brut Docg<\/strong><br \/>\nCARACT\u00c9RISTIQUES GO\u00dbTER<br \/>\nRobe jaune paille aux reflets or vert. Perlage fin et persistant. En bouche, il montre d\u2019\u00e9l\u00e9gantes notes d\u2019agrumes et de min\u00e9raux.<br \/>\nDe bonne pers\u00e9v\u00e9rance.<\/p>\n<p><strong>Franciacorta Ros\u00e9 Brut Docg<\/strong><br \/>\nCARACT\u00c9RISTIQUES GO\u00dbTER<br \/>\nCouleur vieux rose. Perlage fin et persistant. Ar\u00f4me tr\u00e8s \u00e9l\u00e9gant avec des notes de m\u00fbre et de framboise. Excellente persistance et structure.<\/p>\n","protected":false},"featured_media":9441,"template":"","meta":{"_acf_changed":false,"give_campaign_id":0,"inline_featured_image":false},"product_brand":[],"product_cat":[234],"product_tag":[],"class_list":{"0":"post-9603","1":"product","2":"type-product","3":"status-publish","4":"has-post-thumbnail","6":"product_cat-sparkling-wines","7":"description-off","9":"first","10":"instock","11":"taxable","12":"shipping-taxable","13":"product-type-simple"},"acf":[],"yoast_head":"<!-- This site is optimized with the Yoast SEO plugin v27.5 - https:\/\/yoast.com\/product\/yoast-seo-wordpress\/ -->\n<title>Ferghettina - Luxury Mixology Consulting<\/title>\n<meta name=\"robots\" content=\"index, follow, max-snippet:-1, max-image-preview:large, max-video-preview:-1\" \/>\n<link rel=\"canonical\" href=\"https:\/\/www.lmcmontecarlo.com\/en\/products\/sparkling-wines\/ferghettina-2\/\" \/>\n<meta property=\"og:locale\" content=\"en_US\" \/>\n<meta property=\"og:type\" content=\"article\" \/>\n<meta property=\"og:title\" content=\"Ferghettina - Luxury Mixology Consulting\" \/>\n<meta property=\"og:description\" content=\"Franciacorta Saten Brut Docg CARACT\u00c9RISTIQUES GO\u00dbTER Couleur jaune vif. Perlage fin et persistant. Ar\u00f4me tr\u00e8s \u00e9l\u00e9gant et cr\u00e9meux aux notes de p\u00e2tisserie et confiserie.  Franciacorta Milled\u00ec Brut Docg CARACT\u00c9RISTIQUES GO\u00dbTER Robe jaune paille aux reflets or vert. Perlage fin et persistant. En bouche, il montre d\u2019\u00e9l\u00e9gantes notes d\u2019agrumes et de min\u00e9raux. De bonne pers\u00e9v\u00e9rance.  Franciacorta Ros\u00e9 Brut Docg CARACT\u00c9RISTIQUES GO\u00dbTER Couleur vieux rose. Perlage fin et persistant. Ar\u00f4me tr\u00e8s \u00e9l\u00e9gant avec des notes de m\u00fbre et de framboise. Excellente persistance et structure.\" \/>\n<meta property=\"og:url\" content=\"https:\/\/www.lmcmontecarlo.com\/en\/products\/sparkling-wines\/ferghettina-2\/\" \/>\n<meta property=\"og:site_name\" content=\"Luxury Mixology Consulting\" \/>\n<meta property=\"article:modified_time\" content=\"2023-05-01T09:18:43+00:00\" \/>\n<meta property=\"og:image\" content=\"https:\/\/www.lmcmontecarlo.com\/wp-content\/uploads\/2023\/02\/IMG_4019.jpg\" \/>\n\t<meta property=\"og:image:width\" content=\"1170\" \/>\n\t<meta property=\"og:image:height\" content=\"710\" \/>\n\t<meta property=\"og:image:type\" content=\"image\/jpeg\" \/>\n<meta name=\"twitter:card\" content=\"summary_large_image\" \/>\n<script type=\"application\/ld+json\" class=\"yoast-schema-graph\">{\"@context\":\"https:\\\/\\\/schema.org\",\"@graph\":[{\"@type\":\"WebPage\",\"@id\":\"https:\\\/\\\/www.lmcmontecarlo.com\\\/en\\\/products\\\/sparkling-wines\\\/ferghettina-2\\\/\",\"url\":\"https:\\\/\\\/www.lmcmontecarlo.com\\\/en\\\/products\\\/sparkling-wines\\\/ferghettina-2\\\/\",\"name\":\"Ferghettina - Luxury Mixology Consulting\",\"isPartOf\":{\"@id\":\"https:\\\/\\\/www.lmcmontecarlo.com\\\/en\\\/#website\"},\"primaryImageOfPage\":{\"@id\":\"https:\\\/\\\/www.lmcmontecarlo.com\\\/en\\\/products\\\/sparkling-wines\\\/ferghettina-2\\\/#primaryimage\"},\"image\":{\"@id\":\"https:\\\/\\\/www.lmcmontecarlo.com\\\/en\\\/products\\\/sparkling-wines\\\/ferghettina-2\\\/#primaryimage\"},\"thumbnailUrl\":\"https:\\\/\\\/www.lmcmontecarlo.com\\\/wp-content\\\/uploads\\\/2023\\\/02\\\/IMG_4019.jpg\",\"datePublished\":\"2023-02-21T19:12:09+00:00\",\"dateModified\":\"2023-05-01T09:18:43+00:00\",\"breadcrumb\":{\"@id\":\"https:\\\/\\\/www.lmcmontecarlo.com\\\/en\\\/products\\\/sparkling-wines\\\/ferghettina-2\\\/#breadcrumb\"},\"inLanguage\":\"en-US\",\"potentialAction\":[{\"@type\":\"ReadAction\",\"target\":[\"https:\\\/\\\/www.lmcmontecarlo.com\\\/en\\\/products\\\/sparkling-wines\\\/ferghettina-2\\\/\"]}]},{\"@type\":\"ImageObject\",\"inLanguage\":\"en-US\",\"@id\":\"https:\\\/\\\/www.lmcmontecarlo.com\\\/en\\\/products\\\/sparkling-wines\\\/ferghettina-2\\\/#primaryimage\",\"url\":\"https:\\\/\\\/www.lmcmontecarlo.com\\\/wp-content\\\/uploads\\\/2023\\\/02\\\/IMG_4019.jpg\",\"contentUrl\":\"https:\\\/\\\/www.lmcmontecarlo.com\\\/wp-content\\\/uploads\\\/2023\\\/02\\\/IMG_4019.jpg\",\"width\":1170,\"height\":710},{\"@type\":\"BreadcrumbList\",\"@id\":\"https:\\\/\\\/www.lmcmontecarlo.com\\\/en\\\/products\\\/sparkling-wines\\\/ferghettina-2\\\/#breadcrumb\",\"itemListElement\":[{\"@type\":\"ListItem\",\"position\":1,\"name\":\"Home\",\"item\":\"https:\\\/\\\/www.lmcmontecarlo.com\\\/en\\\/\"},{\"@type\":\"ListItem\",\"position\":2,\"name\":\"Products\",\"item\":\"https:\\\/\\\/www.lmcmontecarlo.com\\\/en\\\/products\\\/\"},{\"@type\":\"ListItem\",\"position\":3,\"name\":\"Ferghettina\"}]},{\"@type\":\"WebSite\",\"@id\":\"https:\\\/\\\/www.lmcmontecarlo.com\\\/en\\\/#website\",\"url\":\"https:\\\/\\\/www.lmcmontecarlo.com\\\/en\\\/\",\"name\":\"Luxury Mixology Consulting\",\"description\":\"\",\"potentialAction\":[{\"@type\":\"SearchAction\",\"target\":{\"@type\":\"EntryPoint\",\"urlTemplate\":\"https:\\\/\\\/www.lmcmontecarlo.com\\\/en\\\/?s={search_term_string}\"},\"query-input\":{\"@type\":\"PropertyValueSpecification\",\"valueRequired\":true,\"valueName\":\"search_term_string\"}}],\"inLanguage\":\"en-US\"}]}<\/script>\n<!-- \/ Yoast SEO plugin. -->","yoast_head_json":{"title":"Ferghettina - Luxury Mixology Consulting","robots":{"index":"index","follow":"follow","max-snippet":"max-snippet:-1","max-image-preview":"max-image-preview:large","max-video-preview":"max-video-preview:-1"},"canonical":"https:\/\/www.lmcmontecarlo.com\/en\/products\/sparkling-wines\/ferghettina-2\/","og_locale":"en_US","og_type":"article","og_title":"Ferghettina - Luxury Mixology Consulting","og_description":"Franciacorta Saten Brut Docg CARACT\u00c9RISTIQUES GO\u00dbTER Couleur jaune vif. Perlage fin et persistant. Ar\u00f4me tr\u00e8s \u00e9l\u00e9gant et cr\u00e9meux aux notes de p\u00e2tisserie et confiserie.  Franciacorta Milled\u00ec Brut Docg CARACT\u00c9RISTIQUES GO\u00dbTER Robe jaune paille aux reflets or vert. Perlage fin et persistant. En bouche, il montre d\u2019\u00e9l\u00e9gantes notes d\u2019agrumes et de min\u00e9raux. De bonne pers\u00e9v\u00e9rance.  Franciacorta Ros\u00e9 Brut Docg CARACT\u00c9RISTIQUES GO\u00dbTER Couleur vieux rose. Perlage fin et persistant. Ar\u00f4me tr\u00e8s \u00e9l\u00e9gant avec des notes de m\u00fbre et de framboise. Excellente persistance et structure.","og_url":"https:\/\/www.lmcmontecarlo.com\/en\/products\/sparkling-wines\/ferghettina-2\/","og_site_name":"Luxury Mixology Consulting","article_modified_time":"2023-05-01T09:18:43+00:00","og_image":[{"width":1170,"height":710,"url":"https:\/\/www.lmcmontecarlo.com\/wp-content\/uploads\/2023\/02\/IMG_4019.jpg","type":"image\/jpeg"}],"twitter_card":"summary_large_image","schema":{"@context":"https:\/\/schema.org","@graph":[{"@type":"WebPage","@id":"https:\/\/www.lmcmontecarlo.com\/en\/products\/sparkling-wines\/ferghettina-2\/","url":"https:\/\/www.lmcmontecarlo.com\/en\/products\/sparkling-wines\/ferghettina-2\/","name":"Ferghettina - Luxury Mixology Consulting","isPartOf":{"@id":"https:\/\/www.lmcmontecarlo.com\/en\/#website"},"primaryImageOfPage":{"@id":"https:\/\/www.lmcmontecarlo.com\/en\/products\/sparkling-wines\/ferghettina-2\/#primaryimage"},"image":{"@id":"https:\/\/www.lmcmontecarlo.com\/en\/products\/sparkling-wines\/ferghettina-2\/#primaryimage"},"thumbnailUrl":"https:\/\/www.lmcmontecarlo.com\/wp-content\/uploads\/2023\/02\/IMG_4019.jpg","datePublished":"2023-02-21T19:12:09+00:00","dateModified":"2023-05-01T09:18:43+00:00","breadcrumb":{"@id":"https:\/\/www.lmcmontecarlo.com\/en\/products\/sparkling-wines\/ferghettina-2\/#breadcrumb"},"inLanguage":"en-US","potentialAction":[{"@type":"ReadAction","target":["https:\/\/www.lmcmontecarlo.com\/en\/products\/sparkling-wines\/ferghettina-2\/"]}]},{"@type":"ImageObject","inLanguage":"en-US","@id":"https:\/\/www.lmcmontecarlo.com\/en\/products\/sparkling-wines\/ferghettina-2\/#primaryimage","url":"https:\/\/www.lmcmontecarlo.com\/wp-content\/uploads\/2023\/02\/IMG_4019.jpg","contentUrl":"https:\/\/www.lmcmontecarlo.com\/wp-content\/uploads\/2023\/02\/IMG_4019.jpg","width":1170,"height":710},{"@type":"BreadcrumbList","@id":"https:\/\/www.lmcmontecarlo.com\/en\/products\/sparkling-wines\/ferghettina-2\/#breadcrumb","itemListElement":[{"@type":"ListItem","position":1,"name":"Home","item":"https:\/\/www.lmcmontecarlo.com\/en\/"},{"@type":"ListItem","position":2,"name":"Products","item":"https:\/\/www.lmcmontecarlo.com\/en\/products\/"},{"@type":"ListItem","position":3,"name":"Ferghettina"}]},{"@type":"WebSite","@id":"https:\/\/www.lmcmontecarlo.com\/en\/#website","url":"https:\/\/www.lmcmontecarlo.com\/en\/","name":"Luxury Mixology Consulting","description":"","potentialAction":[{"@type":"SearchAction","target":{"@type":"EntryPoint","urlTemplate":"https:\/\/www.lmcmontecarlo.com\/en\/?s={search_term_string}"},"query-input":{"@type":"PropertyValueSpecification","valueRequired":true,"valueName":"search_term_string"}}],"inLanguage":"en-US"}]}},"_links":{"self":[{"href":"https:\/\/www.lmcmontecarlo.com\/en\/wp-json\/wp\/v2\/product\/9603","targetHints":{"allow":["GET"]}}],"collection":[{"href":"https:\/\/www.lmcmontecarlo.com\/en\/wp-json\/wp\/v2\/product"}],"about":[{"href":"https:\/\/www.lmcmontecarlo.com\/en\/wp-json\/wp\/v2\/types\/product"}],"version-history":[{"count":1,"href":"https:\/\/www.lmcmontecarlo.com\/en\/wp-json\/wp\/v2\/product\/9603\/revisions"}],"predecessor-version":[{"id":9605,"href":"https:\/\/www.lmcmontecarlo.com\/en\/wp-json\/wp\/v2\/product\/9603\/revisions\/9605"}],"wp:featuredmedia":[{"embeddable":true,"href":"https:\/\/www.lmcmontecarlo.com\/en\/wp-json\/wp\/v2\/media\/9441"}],"wp:attachment":[{"href":"https:\/\/www.lmcmontecarlo.com\/en\/wp-json\/wp\/v2\/media?parent=9603"}],"wp:term":[{"taxonomy":"product_brand","embeddable":true,"href":"https:\/\/www.lmcmontecarlo.com\/en\/wp-json\/wp\/v2\/product_brand?post=9603"},{"taxonomy":"product_cat","embeddable":true,"href":"https:\/\/www.lmcmontecarlo.com\/en\/wp-json\/wp\/v2\/product_cat?post=9603"},{"taxonomy":"product_tag","embeddable":true,"href":"https:\/\/www.lmcmontecarlo.com\/en\/wp-json\/wp\/v2\/product_tag?post=9603"}],"curies":[{"name":"wp","href":"https:\/\/api.w.org\/{rel}","templated":true}]}}